{"id":547,"date":"2025-01-03T09:42:10","date_gmt":"2025-01-03T08:42:10","guid":{"rendered":"https:\/\/toldoslasombradeitalica.es\/?page_id=547"},"modified":"2025-03-26T12:45:37","modified_gmt":"2025-03-26T11:45:37","slug":"formulario-de-contacto-accesibilidad","status":"publish","type":"page","link":"https:\/\/toldoslasombradeitalica.es\/en\/formulario-de-contacto-accesibilidad\/","title":{"rendered":"Formulario de contacto: accesibilidad"},"content":{"rendered":"<div data-elementor-type=\"wp-page\" data-elementor-id=\"547\" class=\"elementor elementor-547\" data-elementor-post-type=\"page\">\n\t\t\t\t<div class=\"elementor-element elementor-element-d12b443 e-flex e-con-boxed e-con e-parent\" data-id=\"d12b443\" data-element_type=\"container\">\n\t\t\t\t\t<div class=\"e-con-inner\">\n\t\t\t\t<div class=\"elementor-element elementor-element-a6218a7 elementor-widget elementor-widget-text-editor\" data-id=\"a6218a7\" data-element_type=\"widget\" data-widget_type=\"text-editor.default\">\n\t\t\t\t<div class=\"elementor-widget-container\">\n\t\t\t\t\t\t\t\t\t<p>A trav\u00e9s de este formulario puede realizar comunicaciones sobre requisitos de accesibilidad (art\u00edculo 10.2.a del RD 1112\/2018): informar sobre cualquier posible incumplimiento por parte de este sitio web, transmitir otras dificultades de acceso al contenido o formular cualquier otra consulta o sugerencia de mejora relativa a la accesibilidad del sitio web.<\/p>\t\t\t\t\t\t\t\t<\/div>\n\t\t\t\t<\/div>\n\t\t\t\t\t<\/div>\n\t\t\t\t<\/div>\n\t\t<div class=\"elementor-element elementor-element-3951371 e-flex e-con-boxed e-con e-parent\" data-id=\"3951371\" data-element_type=\"container\">\n\t\t\t\t\t<div class=\"e-con-inner\">\n\t\t\t\t<div class=\"elementor-element elementor-element-549e1de elementor-button-align-stretch elementor-widget elementor-widget-form\" data-id=\"549e1de\" data-element_type=\"widget\" data-settings=\"{&quot;step_next_label&quot;:&quot;Siguiente&quot;,&quot;step_previous_label&quot;:&quot;Anterior&quot;,&quot;button_width&quot;:&quot;100&quot;,&quot;step_type&quot;:&quot;number_text&quot;,&quot;step_icon_shape&quot;:&quot;circle&quot;}\" data-widget_type=\"form.default\">\n\t\t\t\t<div class=\"elementor-widget-container\">\n\t\t\t\t\t\t\t<form class=\"elementor-form\" method=\"post\" name=\"Nuevo formulario\" aria-label=\"Nuevo formulario\" action=\"\">\n\t\t\t<input type=\"hidden\" name=\"post_id\" value=\"547\"\/>\n\t\t\t<input type=\"hidden\" name=\"form_id\" value=\"549e1de\"\/>\n\t\t\t<input type=\"hidden\" name=\"referer_title\" value=\"Formulario de contacto: accesibilidad - Toldos La Sombra de It\u00e1lica\" \/>\n\n\t\t\t\t\t\t\t<input type=\"hidden\" name=\"queried_id\" value=\"547\"\/>\n\t\t\t\n\t\t\t<div class=\"elementor-form-fields-wrapper elementor-labels-above\">\n\t\t\t\t\t\t\t\t<div class=\"elementor-field-type-text elementor-field-group elementor-column elementor-field-group-name elementor-col-100 elementor-field-required\">\n\t\t\t\t\t\t\t\t\t\t\t\t<label for=\"form-field-name\" class=\"elementor-field-label\">\n\t\t\t\t\t\t\t\tNombre\t\t\t\t\t\t\t<\/label>\n\t\t\t\t\t\t\t\t\t\t\t\t\t\t<input size=\"1\" type=\"text\" name=\"form_fields[name]\" id=\"form-field-name\" class=\"elementor-field elementor-size-sm  elementor-field-textual\" required=\"required\">\n\t\t\t\t\t\t\t\t\t\t\t<\/div>\n\t\t\t\t\t\t\t\t<div class=\"elementor-field-type-text elementor-field-group elementor-column elementor-field-group-field_0100ae1 elementor-col-100 elementor-field-required\">\n\t\t\t\t\t\t\t\t\t\t\t\t<label for=\"form-field-field_0100ae1\" class=\"elementor-field-label\">\n\t\t\t\t\t\t\t\tApellidos\t\t\t\t\t\t\t<\/label>\n\t\t\t\t\t\t\t\t\t\t\t\t\t\t<input size=\"1\" type=\"text\" name=\"form_fields[field_0100ae1]\" id=\"form-field-field_0100ae1\" class=\"elementor-field elementor-size-sm  elementor-field-textual\" required=\"required\">\n\t\t\t\t\t\t\t\t\t\t\t<\/div>\n\t\t\t\t\t\t\t\t<div class=\"elementor-field-type-text elementor-field-group elementor-column elementor-field-group-field_85544f4 elementor-col-100 elementor-field-required\">\n\t\t\t\t\t\t\t\t\t\t\t\t<label for=\"form-field-field_85544f4\" class=\"elementor-field-label\">\n\t\t\t\t\t\t\t\tOrganizaci\u00f3n\t\t\t\t\t\t\t<\/label>\n\t\t\t\t\t\t\t\t\t\t\t\t\t\t<input size=\"1\" type=\"text\" name=\"form_fields[field_85544f4]\" id=\"form-field-field_85544f4\" class=\"elementor-field elementor-size-sm  elementor-field-textual\" required=\"required\">\n\t\t\t\t\t\t\t\t\t\t\t<\/div>\n\t\t\t\t\t\t\t\t<div class=\"elementor-field-type-email elementor-field-group elementor-column elementor-field-group-email elementor-col-100 elementor-field-required\">\n\t\t\t\t\t\t\t\t\t\t\t\t<label for=\"form-field-email\" class=\"elementor-field-label\">\n\t\t\t\t\t\t\t\tCorreo electr\u00f3nico\t\t\t\t\t\t\t<\/label>\n\t\t\t\t\t\t\t\t\t\t\t\t\t\t<input size=\"1\" type=\"email\" name=\"form_fields[email]\" id=\"form-field-email\" class=\"elementor-field elementor-size-sm  elementor-field-textual\" required=\"required\">\n\t\t\t\t\t\t\t\t\t\t\t<\/div>\n\t\t\t\t\t\t\t\t<div class=\"elementor-field-type-text elementor-field-group elementor-column elementor-field-group-field_6fdf1fd elementor-col-100 elementor-field-required\">\n\t\t\t\t\t\t\t\t\t\t\t\t<label for=\"form-field-field_6fdf1fd\" class=\"elementor-field-label\">\n\t\t\t\t\t\t\t\tSubject\t\t\t\t\t\t\t<\/label>\n\t\t\t\t\t\t\t\t\t\t\t\t\t\t<input size=\"1\" type=\"text\" name=\"form_fields[field_6fdf1fd]\" id=\"form-field-field_6fdf1fd\" class=\"elementor-field elementor-size-sm  elementor-field-textual\" required=\"required\">\n\t\t\t\t\t\t\t\t\t\t\t<\/div>\n\t\t\t\t\t\t\t\t<div class=\"elementor-field-type-textarea elementor-field-group elementor-column elementor-field-group-message elementor-col-100 elementor-field-required\">\n\t\t\t\t\t\t\t\t\t\t\t\t<label for=\"form-field-message\" class=\"elementor-field-label\">\n\t\t\t\t\t\t\t\tD\u00e9jenos aqu\u00ed su mensaje\t\t\t\t\t\t\t<\/label>\n\t\t\t\t\t\t<textarea class=\"elementor-field-textual elementor-field  elementor-size-sm\" name=\"form_fields[message]\" id=\"form-field-message\" rows=\"4\" required=\"required\"><\/textarea>\t\t\t\t<\/div>\n\t\t\t\t\t\t\t\t<div class=\"elementor-field-type-checkbox elementor-field-group elementor-column elementor-field-group-field_2588ab9 elementor-col-100\">\n\t\t\t\t\t<div class=\"elementor-field-subgroup\"><span class=\"elementor-field-option\"><input type=\"checkbox\" value=\"He le\u00eddo y acepto la  &lt;a href=&quot;https:\/\/toldoslasombradeitalica.es\/privacidad\/&quot; target=&quot;_blank&quot;&gt;pol\u00edtica de privacidad&lt;\/a&gt;.\" id=\"form-field-field_2588ab9-0\" name=\"form_fields[field_2588ab9]\"> <label for=\"form-field-field_2588ab9-0\">I have read and accept the  <a href=\"https:\/\/toldoslasombradeitalica.es\/en\/privacidad\/\" target=\"_blank\">pol\u00edtica de privacidad<\/a>.<\/label><\/span><\/div>\t\t\t\t<\/div>\n\t\t\t\t\t\t\t\t<div class=\"elementor-field-group elementor-column elementor-field-type-submit elementor-col-100 e-form__buttons\">\n\t\t\t\t\t<button class=\"elementor-button elementor-size-sm\" type=\"submit\">\n\t\t\t\t\t\t<span class=\"elementor-button-content-wrapper\">\n\t\t\t\t\t\t\t\t\t\t\t\t\t\t\t\t\t\t\t\t\t\t<span class=\"elementor-button-text\">Send<\/span>\n\t\t\t\t\t\t\t\t\t\t\t\t\t<\/span>\n\t\t\t\t\t<\/button>\n\t\t\t\t<\/div>\n\t\t\t<\/div>\n\t\t<input type=\"hidden\" name=\"trp-form-language\" value=\"en\"\/><\/form>\n\t\t\t\t\t\t<\/div>\n\t\t\t\t<\/div>\n\t\t\t\t\t<\/div>\n\t\t\t\t<\/div>\n\t\t\t\t<\/div>","protected":false},"excerpt":{"rendered":"<p>A trav\u00e9s de este formulario puede realizar comunicaciones sobre requisitos de accesibilidad (art\u00edculo 10.2.a del RD 1112\/2018): informar sobre cualquier posible incumplimiento por parte de este sitio web, transmitir otras dificultades de acceso al contenido o formular cualquier otra consulta o sugerencia de mejora relativa a la accesibilidad del sitio web.<\/p>","protected":false},"author":1,"featured_media":0,"parent":0,"menu_order":0,"comment_status":"closed","ping_status":"closed","template":"","meta":{"footnotes":""},"class_list":["post-547","page","type-page","status-publish","hentry"],"yoast_head":"<!-- This site is optimized with the Yoast SEO plugin v26.7 - https:\/\/yoast.com\/wordpress\/plugins\/seo\/ -->\n<title>Formulario de contacto: accesibilidad - Toldos La Sombra de It\u00e1lica<\/title>\n<meta name=\"robots\" content=\"index, follow, max-snippet:-1, max-image-preview:large, max-video-preview:-1\" \/>\n<link rel=\"canonical\" href=\"https:\/\/toldoslasombradeitalica.es\/en\/formulario-de-contacto-accesibilidad\/\" \/>\n<meta property=\"og:locale\" content=\"en_GB\" \/>\n<meta property=\"og:type\" content=\"article\" \/>\n<meta property=\"og:title\" content=\"Formulario de contacto: accesibilidad - Toldos La Sombra de It\u00e1lica\" \/>\n<meta property=\"og:description\" content=\"A trav\u00e9s de este formulario puede realizar comunicaciones sobre requisitos de accesibilidad (art\u00edculo 10.2.a del RD 1112\/2018): informar sobre cualquier posible incumplimiento por parte de este sitio web, transmitir otras dificultades de acceso al contenido o formular cualquier otra consulta o sugerencia de mejora relativa a la accesibilidad del sitio web.\" \/>\n<meta property=\"og:url\" content=\"https:\/\/toldoslasombradeitalica.es\/en\/formulario-de-contacto-accesibilidad\/\" \/>\n<meta property=\"og:site_name\" content=\"Toldos La Sombra de It\u00e1lica\" \/>\n<meta property=\"article:modified_time\" content=\"2025-03-26T11:45:37+00:00\" \/>\n<meta name=\"twitter:card\" content=\"summary_large_image\" \/>\n<meta name=\"twitter:label1\" content=\"Estimated reading time\" \/>\n\t<meta name=\"twitter:data1\" content=\"1 minute\" \/>\n<script type=\"application\/ld+json\" class=\"yoast-schema-graph\">{\"@context\":\"https:\/\/schema.org\",\"@graph\":[{\"@type\":\"WebPage\",\"@id\":\"https:\/\/toldoslasombradeitalica.es\/formulario-de-contacto-accesibilidad\/\",\"url\":\"https:\/\/toldoslasombradeitalica.es\/formulario-de-contacto-accesibilidad\/\",\"name\":\"Formulario de contacto: accesibilidad - Toldos La Sombra de It\u00e1lica\",\"isPartOf\":{\"@id\":\"https:\/\/toldoslasombradeitalica.es\/#website\"},\"datePublished\":\"2025-01-03T08:42:10+00:00\",\"dateModified\":\"2025-03-26T11:45:37+00:00\",\"breadcrumb\":{\"@id\":\"https:\/\/toldoslasombradeitalica.es\/formulario-de-contacto-accesibilidad\/#breadcrumb\"},\"inLanguage\":\"en-GB\",\"potentialAction\":[{\"@type\":\"ReadAction\",\"target\":[\"https:\/\/toldoslasombradeitalica.es\/formulario-de-contacto-accesibilidad\/\"]}]},{\"@type\":\"BreadcrumbList\",\"@id\":\"https:\/\/toldoslasombradeitalica.es\/formulario-de-contacto-accesibilidad\/#breadcrumb\",\"itemListElement\":[{\"@type\":\"ListItem\",\"position\":1,\"name\":\"Portada\",\"item\":\"https:\/\/toldoslasombradeitalica.es\/\"},{\"@type\":\"ListItem\",\"position\":2,\"name\":\"Formulario de contacto: accesibilidad\"}]},{\"@type\":\"WebSite\",\"@id\":\"https:\/\/toldoslasombradeitalica.es\/#website\",\"url\":\"https:\/\/toldoslasombradeitalica.es\/\",\"name\":\"Toldos La Sombra de It\u00e1lica\",\"description\":\"\",\"publisher\":{\"@id\":\"https:\/\/toldoslasombradeitalica.es\/#organization\"},\"potentialAction\":[{\"@type\":\"SearchAction\",\"target\":{\"@type\":\"EntryPoint\",\"urlTemplate\":\"https:\/\/toldoslasombradeitalica.es\/?s={search_term_string}\"},\"query-input\":{\"@type\":\"PropertyValueSpecification\",\"valueRequired\":true,\"valueName\":\"search_term_string\"}}],\"inLanguage\":\"en-GB\"},{\"@type\":\"Organization\",\"@id\":\"https:\/\/toldoslasombradeitalica.es\/#organization\",\"name\":\"Toldos La Sombra de It\u00e1lica\",\"url\":\"https:\/\/toldoslasombradeitalica.es\/\",\"logo\":{\"@type\":\"ImageObject\",\"inLanguage\":\"en-GB\",\"@id\":\"https:\/\/toldoslasombradeitalica.es\/#\/schema\/logo\/image\/\",\"url\":\"https:\/\/toldoslasombradeitalica.es\/wp-content\/uploads\/2024\/12\/v1-white-reducido-174x123-1.png\",\"contentUrl\":\"https:\/\/toldoslasombradeitalica.es\/wp-content\/uploads\/2024\/12\/v1-white-reducido-174x123-1.png\",\"width\":174,\"height\":123,\"caption\":\"Toldos La Sombra de It\u00e1lica\"},\"image\":{\"@id\":\"https:\/\/toldoslasombradeitalica.es\/#\/schema\/logo\/image\/\"}}]}<\/script>\n<!-- \/ Yoast SEO plugin. -->","yoast_head_json":{"title":"Formulario de contacto: accesibilidad - Toldos La Sombra de It\u00e1lica","robots":{"index":"index","follow":"follow","max-snippet":"max-snippet:-1","max-image-preview":"max-image-preview:large","max-video-preview":"max-video-preview:-1"},"canonical":"https:\/\/toldoslasombradeitalica.es\/en\/formulario-de-contacto-accesibilidad\/","og_locale":"en_GB","og_type":"article","og_title":"Formulario de contacto: accesibilidad - Toldos La Sombra de It\u00e1lica","og_description":"A trav\u00e9s de este formulario puede realizar comunicaciones sobre requisitos de accesibilidad (art\u00edculo 10.2.a del RD 1112\/2018): informar sobre cualquier posible incumplimiento por parte de este sitio web, transmitir otras dificultades de acceso al contenido o formular cualquier otra consulta o sugerencia de mejora relativa a la accesibilidad del sitio web.","og_url":"https:\/\/toldoslasombradeitalica.es\/en\/formulario-de-contacto-accesibilidad\/","og_site_name":"Toldos La Sombra de It\u00e1lica","article_modified_time":"2025-03-26T11:45:37+00:00","twitter_card":"summary_large_image","twitter_misc":{"Estimated reading time":"1 minute"},"schema":{"@context":"https:\/\/schema.org","@graph":[{"@type":"WebPage","@id":"https:\/\/toldoslasombradeitalica.es\/formulario-de-contacto-accesibilidad\/","url":"https:\/\/toldoslasombradeitalica.es\/formulario-de-contacto-accesibilidad\/","name":"Formulario de contacto: accesibilidad - Toldos La Sombra de It\u00e1lica","isPartOf":{"@id":"https:\/\/toldoslasombradeitalica.es\/#website"},"datePublished":"2025-01-03T08:42:10+00:00","dateModified":"2025-03-26T11:45:37+00:00","breadcrumb":{"@id":"https:\/\/toldoslasombradeitalica.es\/formulario-de-contacto-accesibilidad\/#breadcrumb"},"inLanguage":"en-GB","potentialAction":[{"@type":"ReadAction","target":["https:\/\/toldoslasombradeitalica.es\/formulario-de-contacto-accesibilidad\/"]}]},{"@type":"BreadcrumbList","@id":"https:\/\/toldoslasombradeitalica.es\/formulario-de-contacto-accesibilidad\/#breadcrumb","itemListElement":[{"@type":"ListItem","position":1,"name":"Portada","item":"https:\/\/toldoslasombradeitalica.es\/"},{"@type":"ListItem","position":2,"name":"Formulario de contacto: accesibilidad"}]},{"@type":"WebSite","@id":"https:\/\/toldoslasombradeitalica.es\/#website","url":"https:\/\/toldoslasombradeitalica.es\/","name":"Toldos La Sombra de It\u00e1lica","description":"","publisher":{"@id":"https:\/\/toldoslasombradeitalica.es\/#organization"},"potentialAction":[{"@type":"SearchAction","target":{"@type":"EntryPoint","urlTemplate":"https:\/\/toldoslasombradeitalica.es\/?s={search_term_string}"},"query-input":{"@type":"PropertyValueSpecification","valueRequired":true,"valueName":"search_term_string"}}],"inLanguage":"en-GB"},{"@type":"Organization","@id":"https:\/\/toldoslasombradeitalica.es\/#organization","name":"Toldos La Sombra de It\u00e1lica","url":"https:\/\/toldoslasombradeitalica.es\/","logo":{"@type":"ImageObject","inLanguage":"en-GB","@id":"https:\/\/toldoslasombradeitalica.es\/#\/schema\/logo\/image\/","url":"https:\/\/toldoslasombradeitalica.es\/wp-content\/uploads\/2024\/12\/v1-white-reducido-174x123-1.png","contentUrl":"https:\/\/toldoslasombradeitalica.es\/wp-content\/uploads\/2024\/12\/v1-white-reducido-174x123-1.png","width":174,"height":123,"caption":"Toldos La Sombra de It\u00e1lica"},"image":{"@id":"https:\/\/toldoslasombradeitalica.es\/#\/schema\/logo\/image\/"}}]}},"_links":{"self":[{"href":"https:\/\/toldoslasombradeitalica.es\/en\/wp-json\/wp\/v2\/pages\/547","targetHints":{"allow":["GET"]}}],"collection":[{"href":"https:\/\/toldoslasombradeitalica.es\/en\/wp-json\/wp\/v2\/pages"}],"about":[{"href":"https:\/\/toldoslasombradeitalica.es\/en\/wp-json\/wp\/v2\/types\/page"}],"author":[{"embeddable":true,"href":"https:\/\/toldoslasombradeitalica.es\/en\/wp-json\/wp\/v2\/users\/1"}],"replies":[{"embeddable":true,"href":"https:\/\/toldoslasombradeitalica.es\/en\/wp-json\/wp\/v2\/comments?post=547"}],"version-history":[{"count":3,"href":"https:\/\/toldoslasombradeitalica.es\/en\/wp-json\/wp\/v2\/pages\/547\/revisions"}],"predecessor-version":[{"id":574,"href":"https:\/\/toldoslasombradeitalica.es\/en\/wp-json\/wp\/v2\/pages\/547\/revisions\/574"}],"wp:attachment":[{"href":"https:\/\/toldoslasombradeitalica.es\/en\/wp-json\/wp\/v2\/media?parent=547"}],"curies":[{"name":"wp","href":"https:\/\/api.w.org\/{rel}","templated":true}]}}